{"id":170,"date":"2026-03-15T22:14:08","date_gmt":"2026-03-15T22:14:08","guid":{"rendered":"https:\/\/certusglobalis.com\/?page_id=170"},"modified":"2026-03-15T22:14:08","modified_gmt":"2026-03-15T22:14:08","slug":"pro-17021-08-proceso-de-auditoria","status":"publish","type":"page","link":"https:\/\/certusglobalis.com\/index.php\/pro-17021-08-proceso-de-auditoria\/","title":{"rendered":"PRO-17021-08 | Proceso de Auditor\u00eda"},"content":{"rendered":"\n<h2 class=\"wp-block-heading\">1. Objetivo<\/h2>\n\n\n\n<p>Establecer el procedimiento para la planificaci\u00f3n y realizaci\u00f3n de auditor\u00edas de certificaci\u00f3n de sistemas de gesti\u00f3n.<\/p>\n\n\n\n<h2 class=\"wp-block-heading\">2. Alcance<\/h2>\n\n\n\n<p>Aplica a auditor\u00edas iniciales, auditor\u00edas de seguimiento y auditor\u00edas de recertificaci\u00f3n.<\/p>\n\n\n\n<h2 class=\"wp-block-heading\">3. Planificaci\u00f3n de auditor\u00eda<\/h2>\n\n\n\n<p>La auditor\u00eda ser\u00e1 planificada considerando:<\/p>\n\n\n\n<ul class=\"wp-block-list\">\n<li>el alcance del sistema de gesti\u00f3n<\/li>\n\n\n\n<li>el tama\u00f1o de la organizaci\u00f3n<\/li>\n\n\n\n<li>la complejidad de los procesos<\/li>\n\n\n\n<li>el sector de actividad<\/li>\n<\/ul>\n\n\n\n<p>Se designar\u00e1 un equipo auditor competente para realizar la evaluaci\u00f3n.<\/p>\n\n\n\n<h2 class=\"wp-block-heading\">4. Auditor\u00eda de certificaci\u00f3n<\/h2>\n\n\n\n<h3 class=\"wp-block-heading\">Etapa 1 \u2013 Revisi\u00f3n documental<\/h3>\n\n\n\n<p>Se eval\u00faa:<\/p>\n\n\n\n<ul class=\"wp-block-list\">\n<li>documentaci\u00f3n del sistema de gesti\u00f3n<\/li>\n\n\n\n<li>preparaci\u00f3n de la organizaci\u00f3n<\/li>\n\n\n\n<li>comprensi\u00f3n del contexto y alcance<\/li>\n<\/ul>\n\n\n\n<h3 class=\"wp-block-heading\">Etapa 2 \u2013 Auditor\u00eda en sitio o remota<\/h3>\n\n\n\n<p>El equipo auditor evaluar\u00e1 la implementaci\u00f3n del sistema mediante:<\/p>\n\n\n\n<ul class=\"wp-block-list\">\n<li>entrevistas con el personal<\/li>\n\n\n\n<li>revisi\u00f3n de registros<\/li>\n\n\n\n<li>observaci\u00f3n de procesos<\/li>\n\n\n\n<li>verificaci\u00f3n del cumplimiento de los requisitos de la norma<\/li>\n<\/ul>\n\n\n\n<h2 class=\"wp-block-heading\">5. Informe de auditor\u00eda<\/h2>\n\n\n\n<p>Al finalizar la auditor\u00eda se elaborar\u00e1 un informe que incluir\u00e1:<\/p>\n\n\n\n<ul class=\"wp-block-list\">\n<li>resumen de la auditor\u00eda<\/li>\n\n\n\n<li>hallazgos identificados<\/li>\n\n\n\n<li>no conformidades detectadas<\/li>\n\n\n\n<li>recomendaciones del equipo auditor<\/li>\n<\/ul>\n\n\n\n<h2 class=\"wp-block-heading\">6. Registros<\/h2>\n\n\n\n<ul class=\"wp-block-list\">\n<li>plan de auditor\u00eda<\/li>\n\n\n\n<li>informe de auditor\u00eda<\/li>\n\n\n\n<li>registros de no conformidades<\/li>\n<\/ul>\n\n\n\n<p><\/p>\n","protected":false},"excerpt":{"rendered":"<p>1. Objetivo Establecer el procedimiento para la planificaci\u00f3n y realizaci\u00f3n de auditor\u00edas de certificaci\u00f3n de sistemas de gesti\u00f3n. 2. Alcance Aplica a auditor\u00edas iniciales, auditor\u00edas de seguimiento y auditor\u00edas de recertificaci\u00f3n. 3. Planificaci\u00f3n de auditor\u00eda La auditor\u00eda ser\u00e1 planificada considerando: Se designar\u00e1 un equipo auditor competente para realizar la evaluaci\u00f3n. 4. Auditor\u00eda de certificaci\u00f3n Etapa&hellip; <br \/> <a class=\"read-more\" href=\"https:\/\/certusglobalis.com\/index.php\/pro-17021-08-proceso-de-auditoria\/\">Leer m\u00e1s<\/a><\/p>\n","protected":false},"author":1,"featured_media":0,"parent":0,"menu_order":0,"comment_status":"closed","ping_status":"closed","template":"","meta":{"footnotes":""},"class_list":["post-170","page","type-page","status-publish","hentry"],"_links":{"self":[{"href":"https:\/\/certusglobalis.com\/index.php\/wp-json\/wp\/v2\/pages\/170","targetHints":{"allow":["GET"]}}],"collection":[{"href":"https:\/\/certusglobalis.com\/index.php\/wp-json\/wp\/v2\/pages"}],"about":[{"href":"https:\/\/certusglobalis.com\/index.php\/wp-json\/wp\/v2\/types\/page"}],"author":[{"embeddable":true,"href":"https:\/\/certusglobalis.com\/index.php\/wp-json\/wp\/v2\/users\/1"}],"replies":[{"embeddable":true,"href":"https:\/\/certusglobalis.com\/index.php\/wp-json\/wp\/v2\/comments?post=170"}],"version-history":[{"count":1,"href":"https:\/\/certusglobalis.com\/index.php\/wp-json\/wp\/v2\/pages\/170\/revisions"}],"predecessor-version":[{"id":171,"href":"https:\/\/certusglobalis.com\/index.php\/wp-json\/wp\/v2\/pages\/170\/revisions\/171"}],"wp:attachment":[{"href":"https:\/\/certusglobalis.com\/index.php\/wp-json\/wp\/v2\/media?parent=170"}],"curies":[{"name":"wp","href":"https:\/\/api.w.org\/{rel}","templated":true}]}}